{"id":1966,"date":"2021-09-16T18:34:30","date_gmt":"2021-09-16T21:34:30","guid":{"rendered":"http:\/\/mobile.siteempresarial.com\/?page_id=1966"},"modified":"2021-09-16T18:36:29","modified_gmt":"2021-09-16T21:36:29","slug":"cases","status":"publish","type":"page","link":"http:\/\/mobile.siteempresarial.com\/?page_id=1966","title":{"rendered":"Cases"},"content":{"rendered":"\t\t<div data-elementor-type=\"wp-page\" data-elementor-id=\"1966\" class=\"elementor elementor-1966\">\n\t\t\t\t\t\t\t\t\t<section class=\"elementor-section elementor-top-section elementor-element elementor-element-8b94f6 elementor-section-full_width elementor-section-height-min-height elementor-section-items-stretch elementor-section-content-bottom elementor-section-height-default\" data-id=\"8b94f6\" data-element_type=\"section\">\n\t\t\t\t\t\t<div class=\"elementor-container elementor-column-gap-no\">\n\t\t\t\t\t<div class=\"elementor-column elementor-col-50 elementor-top-column elementor-element elementor-element-3bd77d5e\" data-id=\"3bd77d5e\" data-element_type=\"column\" data-settings=\"{&quot;background_background&quot;:&quot;classic&quot;}\">\n\t\t\t<div class=\"elementor-widget-wrap elementor-element-populated\">\n\t\t\t\t\t\t\t\t<div class=\"elementor-element elementor-element-388f5a5 elementor-widget elementor-widget-heading\" data-id=\"388f5a5\" data-element_type=\"widget\" data-widget_type=\"heading.default\">\n\t\t\t\t<div class=\"elementor-widget-container\">\n\t\t\t<style>\/*! elementor - v3.6.5 - 27-04-2022 *\/\n.elementor-heading-title{padding:0;margin:0;line-height:1}.elementor-widget-heading .elementor-heading-title[class*=elementor-size-]>a{color:inherit;font-size:inherit;line-height:inherit}.elementor-widget-heading .elementor-heading-title.elementor-size-small{font-size:15px}.elementor-widget-heading .elementor-heading-title.elementor-size-medium{font-size:19px}.elementor-widget-heading .elementor-heading-title.elementor-size-large{font-size:29px}.elementor-widget-heading .elementor-heading-title.elementor-size-xl{font-size:39px}.elementor-widget-heading .elementor-heading-title.elementor-size-xxl{font-size:59px}<\/style><h1 class=\"elementor-heading-title elementor-size-default\">Cases<\/h1>\t\t<\/div>\n\t\t\t\t<\/div>\n\t\t\t\t<div class=\"elementor-element elementor-element-7bfce8d7 elementor-widget elementor-widget-heading\" data-id=\"7bfce8d7\" data-element_type=\"widget\" data-widget_type=\"heading.default\">\n\t\t\t\t<div class=\"elementor-widget-container\">\n\t\t\t<h6 class=\"elementor-heading-title elementor-size-default\">Somos especializados no segmento de mobili\u00e1rio corporativo e com nossa experi\u00eancia e ampla variedade de produtos oferecemos solu\u00e7\u00f5es criativas para diversos tipos de ambientes. Clique nas imagens para conhecer alguns projetos que j\u00e1 realizamos.<\/h6>\t\t<\/div>\n\t\t\t\t<\/div>\n\t\t\t\t\t<\/div>\n\t\t<\/div>\n\t\t\t\t<div class=\"elementor-column elementor-col-25 elementor-top-column elementor-element elementor-element-7ae6a9bf\" data-id=\"7ae6a9bf\" data-element_type=\"column\">\n\t\t\t<div class=\"elementor-widget-wrap elementor-element-populated\">\n\t\t\t\t\t\t\t\t<div class=\"elementor-element elementor-element-35dda182 elementor-widget elementor-widget-image\" data-id=\"35dda182\" data-element_type=\"widget\" data-widget_type=\"image.default\">\n\t\t\t\t<div class=\"elementor-widget-container\">\n\t\t\t<style>\/*! elementor - v3.6.5 - 27-04-2022 *\/\n.elementor-widget-image{text-align:center}.elementor-widget-image a{display:inline-block}.elementor-widget-image a img[src$=\".svg\"]{width:48px}.elementor-widget-image img{vertical-align:middle;display:inline-block}<\/style>\t\t\t\t\t\t\t\t\t\t\t\t<img width=\"1000\" height=\"650\" src=\"http:\/\/mobile.siteempresarial.com\/wp-content\/uploads\/2021\/09\/CASE-1-2011-05-SUMITOMO-6-Baixa.jpg\" class=\"attachment-full size-full\" alt=\"\" loading=\"lazy\" srcset=\"http:\/\/mobile.siteempresarial.com\/wp-content\/uploads\/2021\/09\/CASE-1-2011-05-SUMITOMO-6-Baixa.jpg 1000w, http:\/\/mobile.siteempresarial.com\/wp-content\/uploads\/2021\/09\/CASE-1-2011-05-SUMITOMO-6-Baixa-300x195.jpg 300w, http:\/\/mobile.siteempresarial.com\/wp-content\/uploads\/2021\/09\/CASE-1-2011-05-SUMITOMO-6-Baixa-768x499.jpg 768w, http:\/\/mobile.siteempresarial.com\/wp-content\/uploads\/2021\/09\/CASE-1-2011-05-SUMITOMO-6-Baixa-500x325.jpg 500w, http:\/\/mobile.siteempresarial.com\/wp-content\/uploads\/2021\/09\/CASE-1-2011-05-SUMITOMO-6-Baixa-800x520.jpg 800w\" sizes=\"(max-width: 1000px) 100vw, 1000px\" \/>\t\t\t\t\t\t\t\t\t\t\t\t\t\t\t<\/div>\n\t\t\t\t<\/div>\n\t\t\t\t\t<\/div>\n\t\t<\/div>\n\t\t\t\t<div class=\"elementor-column elementor-col-25 elementor-top-column elementor-element elementor-element-3b36743c\" data-id=\"3b36743c\" data-element_type=\"column\">\n\t\t\t<div class=\"elementor-widget-wrap elementor-element-populated\">\n\t\t\t\t\t\t\t\t<div class=\"elementor-element elementor-element-21464f12 elementor-widget-mobile__width-initial animated-slow elementor-widget-tablet__width-initial elementor-invisible elementor-widget elementor-widget-spacer\" data-id=\"21464f12\" data-element_type=\"widget\" data-settings=\"{&quot;_animation&quot;:&quot;fadeInRight&quot;}\" data-widget_type=\"spacer.default\">\n\t\t\t\t<div class=\"elementor-widget-container\">\n\t\t\t<style>\/*! elementor - v3.6.5 - 27-04-2022 *\/\n.e-container.e-container--row .elementor-spacer-inner{width:var(--spacer-size)}.e-container.e-container--column .elementor-spacer-inner,.elementor-column .elementor-spacer-inner{height:var(--spacer-size)}<\/style>\t\t<div class=\"elementor-spacer\">\n\t\t\t<div class=\"elementor-spacer-inner\"><\/div>\n\t\t<\/div>\n\t\t\t\t<\/div>\n\t\t\t\t<\/div>\n\t\t\t\t\t<\/div>\n\t\t<\/div>\n\t\t\t\t\t\t\t<\/div>\n\t\t<\/section>\n\t\t\t\t<section class=\"elementor-section elementor-top-section elementor-element elementor-element-2176b2ef elementor-section-boxed elementor-section-height-default elementor-section-height-default\" data-id=\"2176b2ef\" data-element_type=\"section\">\n\t\t\t\t\t\t<div class=\"elementor-container elementor-column-gap-default\">\n\t\t\t\t\t<div class=\"elementor-column elementor-col-100 elementor-top-column elementor-element elementor-element-6b8644a5\" data-id=\"6b8644a5\" data-element_type=\"column\">\n\t\t\t<div class=\"elementor-widget-wrap elementor-element-populated\">\n\t\t\t\t\t\t\t\t<div class=\"elementor-element elementor-element-4c34a9cc elementor-grid-2 elementor-grid-tablet-2 elementor-grid-mobile-1 elementor-widget elementor-widget-portfolio\" data-id=\"4c34a9cc\" data-element_type=\"widget\" data-settings=\"{&quot;masonry&quot;:&quot;yes&quot;,&quot;row_gap&quot;:{&quot;unit&quot;:&quot;px&quot;,&quot;size&quot;:25,&quot;sizes&quot;:[]},&quot;columns&quot;:&quot;2&quot;,&quot;columns_tablet&quot;:&quot;2&quot;,&quot;columns_mobile&quot;:&quot;1&quot;,&quot;item_gap&quot;:{&quot;unit&quot;:&quot;px&quot;,&quot;size&quot;:&quot;&quot;,&quot;sizes&quot;:[]}}\" data-widget_type=\"portfolio.default\">\n\t\t\t\t<div class=\"elementor-widget-container\">\n\t\t\t<link rel=\"stylesheet\" href=\"http:\/\/mobile.siteempresarial.com\/wp-content\/plugins\/elementor-pro\/assets\/css\/widget-posts.min.css\">\t\t<div class=\"elementor-portfolio elementor-grid elementor-posts-container\">\n\t\t\t\t<article class=\"elementor-portfolio-item elementor-post elementor-filter-30 post-1921 post type-post status-publish format-standard has-post-thumbnail hentry category-cases tag-cases\">\n\t\t\t<a class=\"elementor-post__thumbnail__link\" href=\"http:\/\/mobile.siteempresarial.com\/?p=1921\">\n\t\t\t\t<div class=\"elementor-portfolio-item__img elementor-post__thumbnail\">\n\t\t\t<img width=\"300\" height=\"195\" src=\"http:\/\/mobile.siteempresarial.com\/wp-content\/uploads\/2021\/09\/CASE-6-11-300x195.jpg\" class=\"attachment-medium size-medium\" alt=\"\" loading=\"lazy\" srcset=\"http:\/\/mobile.siteempresarial.com\/wp-content\/uploads\/2021\/09\/CASE-6-11-300x195.jpg 300w, http:\/\/mobile.siteempresarial.com\/wp-content\/uploads\/2021\/09\/CASE-6-11-768x499.jpg 768w, http:\/\/mobile.siteempresarial.com\/wp-content\/uploads\/2021\/09\/CASE-6-11-500x325.jpg 500w, http:\/\/mobile.siteempresarial.com\/wp-content\/uploads\/2021\/09\/CASE-6-11-800x520.jpg 800w, http:\/\/mobile.siteempresarial.com\/wp-content\/uploads\/2021\/09\/CASE-6-11.jpg 1000w\" sizes=\"(max-width: 300px) 100vw, 300px\" \/>\t\t<\/div>\n\t\t\t\t<div class=\"elementor-portfolio-item__overlay\">\n\t\t\t\t<h2 class=\"elementor-portfolio-item__title\">\n\t\tMultinacional no Rio de Janeiro\t\t<\/h2>\n\t\t\t\t<\/div>\n\t\t\t\t<\/a>\n\t\t<\/article>\n\t\t\t\t<article class=\"elementor-portfolio-item elementor-post elementor-filter-30 post-1932 post type-post status-publish format-standard has-post-thumbnail hentry category-cases tag-cases\">\n\t\t\t<a class=\"elementor-post__thumbnail__link\" href=\"http:\/\/mobile.siteempresarial.com\/?p=1932\">\n\t\t\t\t<div class=\"elementor-portfolio-item__img elementor-post__thumbnail\">\n\t\t\t<img width=\"300\" height=\"195\" src=\"http:\/\/mobile.siteempresarial.com\/wp-content\/uploads\/2021\/09\/CASE-7-05-300x195.jpg\" class=\"attachment-medium size-medium\" alt=\"\" loading=\"lazy\" srcset=\"http:\/\/mobile.siteempresarial.com\/wp-content\/uploads\/2021\/09\/CASE-7-05-300x195.jpg 300w, http:\/\/mobile.siteempresarial.com\/wp-content\/uploads\/2021\/09\/CASE-7-05-768x499.jpg 768w, http:\/\/mobile.siteempresarial.com\/wp-content\/uploads\/2021\/09\/CASE-7-05-500x325.jpg 500w, http:\/\/mobile.siteempresarial.com\/wp-content\/uploads\/2021\/09\/CASE-7-05-800x520.jpg 800w, http:\/\/mobile.siteempresarial.com\/wp-content\/uploads\/2021\/09\/CASE-7-05.jpg 1000w\" sizes=\"(max-width: 300px) 100vw, 300px\" \/>\t\t<\/div>\n\t\t\t\t<div class=\"elementor-portfolio-item__overlay\">\n\t\t\t\t<h2 class=\"elementor-portfolio-item__title\">\n\t\tEscola Bil\u00edngue no Rio de Janeiro\t\t<\/h2>\n\t\t\t\t<\/div>\n\t\t\t\t<\/a>\n\t\t<\/article>\n\t\t\t\t<article class=\"elementor-portfolio-item elementor-post elementor-filter-30 post-1884 post type-post status-publish format-standard hentry category-cases tag-cases\">\n\t\t\t<a class=\"elementor-post__thumbnail__link\" href=\"http:\/\/mobile.siteempresarial.com\/?p=1884\">\n\t\t\t\t<div class=\"elementor-portfolio-item__img elementor-post__thumbnail\">\n\t\t\t\t\t<\/div>\n\t\t\t\t<div class=\"elementor-portfolio-item__overlay\">\n\t\t\t\t<h2 class=\"elementor-portfolio-item__title\">\n\t\tClubes Esportivos\t\t<\/h2>\n\t\t\t\t<\/div>\n\t\t\t\t<\/a>\n\t\t<\/article>\n\t\t\t\t<article class=\"elementor-portfolio-item elementor-post elementor-filter-30 post-1910 post type-post status-publish format-standard has-post-thumbnail hentry category-cases tag-cases\">\n\t\t\t<a class=\"elementor-post__thumbnail__link\" href=\"http:\/\/mobile.siteempresarial.com\/?p=1910\">\n\t\t\t\t<div class=\"elementor-portfolio-item__img elementor-post__thumbnail\">\n\t\t\t<img width=\"300\" height=\"195\" src=\"http:\/\/mobile.siteempresarial.com\/wp-content\/uploads\/2021\/09\/CASE-5-20161109_105852-300x195.jpg\" class=\"attachment-medium size-medium\" alt=\"\" loading=\"lazy\" srcset=\"http:\/\/mobile.siteempresarial.com\/wp-content\/uploads\/2021\/09\/CASE-5-20161109_105852-300x195.jpg 300w, http:\/\/mobile.siteempresarial.com\/wp-content\/uploads\/2021\/09\/CASE-5-20161109_105852-768x499.jpg 768w, http:\/\/mobile.siteempresarial.com\/wp-content\/uploads\/2021\/09\/CASE-5-20161109_105852-500x325.jpg 500w, http:\/\/mobile.siteempresarial.com\/wp-content\/uploads\/2021\/09\/CASE-5-20161109_105852-800x520.jpg 800w, http:\/\/mobile.siteempresarial.com\/wp-content\/uploads\/2021\/09\/CASE-5-20161109_105852.jpg 1000w\" sizes=\"(max-width: 300px) 100vw, 300px\" \/>\t\t<\/div>\n\t\t\t\t<div class=\"elementor-portfolio-item__overlay\">\n\t\t\t\t<h2 class=\"elementor-portfolio-item__title\">\n\t\tEmpresa de Capital Misto\t\t<\/h2>\n\t\t\t\t<\/div>\n\t\t\t\t<\/a>\n\t\t<\/article>\n\t\t\t\t<article class=\"elementor-portfolio-item elementor-post elementor-filter-30 post-1940 post type-post status-publish format-standard has-post-thumbnail hentry category-cases tag-cases\">\n\t\t\t<a class=\"elementor-post__thumbnail__link\" href=\"http:\/\/mobile.siteempresarial.com\/?p=1940\">\n\t\t\t\t<div class=\"elementor-portfolio-item__img elementor-post__thumbnail\">\n\t\t\t<img width=\"300\" height=\"195\" src=\"http:\/\/mobile.siteempresarial.com\/wp-content\/uploads\/2021\/09\/CASE-8-ROB_8934-300x195.jpg\" class=\"attachment-medium size-medium\" alt=\"\" loading=\"lazy\" srcset=\"http:\/\/mobile.siteempresarial.com\/wp-content\/uploads\/2021\/09\/CASE-8-ROB_8934-300x195.jpg 300w, http:\/\/mobile.siteempresarial.com\/wp-content\/uploads\/2021\/09\/CASE-8-ROB_8934-768x498.jpg 768w, http:\/\/mobile.siteempresarial.com\/wp-content\/uploads\/2021\/09\/CASE-8-ROB_8934-500x325.jpg 500w, http:\/\/mobile.siteempresarial.com\/wp-content\/uploads\/2021\/09\/CASE-8-ROB_8934-800x519.jpg 800w, http:\/\/mobile.siteempresarial.com\/wp-content\/uploads\/2021\/09\/CASE-8-ROB_8934.jpg 1000w\" sizes=\"(max-width: 300px) 100vw, 300px\" \/>\t\t<\/div>\n\t\t\t\t<div class=\"elementor-portfolio-item__overlay\">\n\t\t\t\t<h2 class=\"elementor-portfolio-item__title\">\n\t\tEmpresa de Capital Misto\t\t<\/h2>\n\t\t\t\t<\/div>\n\t\t\t\t<\/a>\n\t\t<\/article>\n\t\t\t\t<article class=\"elementor-portfolio-item elementor-post elementor-filter-30 post-1864 post type-post status-publish format-standard has-post-thumbnail hentry category-cases tag-cases\">\n\t\t\t<a class=\"elementor-post__thumbnail__link\" href=\"http:\/\/mobile.siteempresarial.com\/?p=1864\">\n\t\t\t\t<div class=\"elementor-portfolio-item__img elementor-post__thumbnail\">\n\t\t\t<img width=\"300\" height=\"195\" src=\"http:\/\/mobile.siteempresarial.com\/wp-content\/uploads\/2021\/09\/CASE-2-10-1-300x195.jpg\" class=\"attachment-medium size-medium\" alt=\"\" loading=\"lazy\" srcset=\"http:\/\/mobile.siteempresarial.com\/wp-content\/uploads\/2021\/09\/CASE-2-10-1-300x195.jpg 300w, http:\/\/mobile.siteempresarial.com\/wp-content\/uploads\/2021\/09\/CASE-2-10-1-768x499.jpg 768w, http:\/\/mobile.siteempresarial.com\/wp-content\/uploads\/2021\/09\/CASE-2-10-1-500x325.jpg 500w, http:\/\/mobile.siteempresarial.com\/wp-content\/uploads\/2021\/09\/CASE-2-10-1-800x520.jpg 800w, http:\/\/mobile.siteempresarial.com\/wp-content\/uploads\/2021\/09\/CASE-2-10-1.jpg 1000w\" sizes=\"(max-width: 300px) 100vw, 300px\" \/>\t\t<\/div>\n\t\t\t\t<div class=\"elementor-portfolio-item__overlay\">\n\t\t\t\t<h2 class=\"elementor-portfolio-item__title\">\n\t\tInstitui\u00e7\u00e3o de Ensino\t\t<\/h2>\n\t\t\t\t<\/div>\n\t\t\t\t<\/a>\n\t\t<\/article>\n\t\t\t\t<article class=\"elementor-portfolio-item elementor-post elementor-filter-30 post-1833 post type-post status-publish format-standard has-post-thumbnail hentry category-cases tag-cases\">\n\t\t\t<a class=\"elementor-post__thumbnail__link\" href=\"http:\/\/mobile.siteempresarial.com\/?p=1833\">\n\t\t\t\t<div class=\"elementor-portfolio-item__img elementor-post__thumbnail\">\n\t\t\t<img width=\"300\" height=\"195\" src=\"http:\/\/mobile.siteempresarial.com\/wp-content\/uploads\/2021\/09\/CASE-1-2011-05-SUMITOMO-9-Baixa-1-300x195.jpg\" class=\"attachment-medium size-medium\" alt=\"\" loading=\"lazy\" srcset=\"http:\/\/mobile.siteempresarial.com\/wp-content\/uploads\/2021\/09\/CASE-1-2011-05-SUMITOMO-9-Baixa-1-300x195.jpg 300w, http:\/\/mobile.siteempresarial.com\/wp-content\/uploads\/2021\/09\/CASE-1-2011-05-SUMITOMO-9-Baixa-1-768x499.jpg 768w, http:\/\/mobile.siteempresarial.com\/wp-content\/uploads\/2021\/09\/CASE-1-2011-05-SUMITOMO-9-Baixa-1-500x325.jpg 500w, http:\/\/mobile.siteempresarial.com\/wp-content\/uploads\/2021\/09\/CASE-1-2011-05-SUMITOMO-9-Baixa-1-800x520.jpg 800w, http:\/\/mobile.siteempresarial.com\/wp-content\/uploads\/2021\/09\/CASE-1-2011-05-SUMITOMO-9-Baixa-1.jpg 1000w\" sizes=\"(max-width: 300px) 100vw, 300px\" \/>\t\t<\/div>\n\t\t\t\t<div class=\"elementor-portfolio-item__overlay\">\n\t\t\t\t<h2 class=\"elementor-portfolio-item__title\">\n\t\tMultinacional Japonesa\t\t<\/h2>\n\t\t\t\t<\/div>\n\t\t\t\t<\/a>\n\t\t<\/article>\n\t\t\t\t<article class=\"elementor-portfolio-item elementor-post elementor-filter-30 post-1902 post type-post status-publish format-standard has-post-thumbnail hentry category-cases tag-cases\">\n\t\t\t<a class=\"elementor-post__thumbnail__link\" href=\"http:\/\/mobile.siteempresarial.com\/?p=1902\">\n\t\t\t\t<div class=\"elementor-portfolio-item__img elementor-post__thumbnail\">\n\t\t\t<img width=\"300\" height=\"195\" src=\"http:\/\/mobile.siteempresarial.com\/wp-content\/uploads\/2021\/09\/CASE-4-ROB_9857-300x195.jpg\" class=\"attachment-medium size-medium\" alt=\"\" loading=\"lazy\" srcset=\"http:\/\/mobile.siteempresarial.com\/wp-content\/uploads\/2021\/09\/CASE-4-ROB_9857-300x195.jpg 300w, http:\/\/mobile.siteempresarial.com\/wp-content\/uploads\/2021\/09\/CASE-4-ROB_9857-768x499.jpg 768w, http:\/\/mobile.siteempresarial.com\/wp-content\/uploads\/2021\/09\/CASE-4-ROB_9857-500x325.jpg 500w, http:\/\/mobile.siteempresarial.com\/wp-content\/uploads\/2021\/09\/CASE-4-ROB_9857-800x520.jpg 800w, http:\/\/mobile.siteempresarial.com\/wp-content\/uploads\/2021\/09\/CASE-4-ROB_9857.jpg 1000w\" sizes=\"(max-width: 300px) 100vw, 300px\" \/>\t\t<\/div>\n\t\t\t\t<div class=\"elementor-portfolio-item__overlay\">\n\t\t\t\t<h2 class=\"elementor-portfolio-item__title\">\n\t\t\u00d3rg\u00e3o P\u00fablico do Rio de Janeiro\t\t<\/h2>\n\t\t\t\t<\/div>\n\t\t\t\t<\/a>\n\t\t<\/article>\n\t\t\t\t<\/div>\n\t\t\t\t<\/div>\n\t\t\t\t<\/div>\n\t\t\t\t\t<\/div>\n\t\t<\/div>\n\t\t\t\t\t\t\t<\/div>\n\t\t<\/section>\n\t\t\t\t<section class=\"elementor-section elementor-top-section elementor-element elementor-element-315fea25 elementor-section-full_width elementor-section-height-default elementor-section-height-default\" data-id=\"315fea25\" data-element_type=\"section\">\n\t\t\t\t\t\t<div class=\"elementor-container elementor-column-gap-default\">\n\t\t\t\t\t<div class=\"elementor-column elementor-col-100 elementor-top-column elementor-element elementor-element-1760ae9f\" data-id=\"1760ae9f\" data-element_type=\"column\">\n\t\t\t<div class=\"elementor-widget-wrap elementor-element-populated\">\n\t\t\t\t\t\t\t\t<div class=\"elementor-element elementor-element-ed8e5f7 elementor-widget elementor-widget-heading\" data-id=\"ed8e5f7\" data-element_type=\"widget\" data-widget_type=\"heading.default\">\n\t\t\t\t<div class=\"elementor-widget-container\">\n\t\t\t<h2 class=\"elementor-heading-title elementor-size-default\">Conhe\u00e7a o nosso portf\u00f3lio.<\/h2>\t\t<\/div>\n\t\t\t\t<\/div>\n\t\t\t\t\t<\/div>\n\t\t<\/div>\n\t\t\t\t\t\t\t<\/div>\n\t\t<\/section>\n\t\t\t\t<section class=\"elementor-section elementor-top-section elementor-element elementor-element-3e58a9ad elementor-section-full_width elementor-section-height-default elementor-section-height-default\" data-id=\"3e58a9ad\" data-element_type=\"section\">\n\t\t\t\t\t\t<div class=\"elementor-container elementor-column-gap-default\">\n\t\t\t\t\t<div class=\"elementor-column elementor-col-100 elementor-top-column elementor-element elementor-element-7723b6bf\" data-id=\"7723b6bf\" data-element_type=\"column\">\n\t\t\t<div class=\"elementor-widget-wrap elementor-element-populated\">\n\t\t\t\t\t\t\t\t<div class=\"elementor-element elementor-element-68e4ae9c elementor-widget elementor-widget-text-editor\" data-id=\"68e4ae9c\" data-element_type=\"widget\" data-widget_type=\"text-editor.default\">\n\t\t\t\t<div class=\"elementor-widget-container\">\n\t\t\t<style>\/*! elementor - v3.6.5 - 27-04-2022 *\/\n.elementor-widget-text-editor.elementor-drop-cap-view-stacked .elementor-drop-cap{background-color:#818a91;color:#fff}.elementor-widget-text-editor.elementor-drop-cap-view-framed .elementor-drop-cap{color:#818a91;border:3px solid;background-color:transparent}.elementor-widget-text-editor:not(.elementor-drop-cap-view-default) .elementor-drop-cap{margin-top:8px}.elementor-widget-text-editor:not(.elementor-drop-cap-view-default) .elementor-drop-cap-letter{width:1em;height:1em}.elementor-widget-text-editor .elementor-drop-cap{float:left;text-align:center;line-height:1;font-size:50px}.elementor-widget-text-editor .elementor-drop-cap-letter{display:inline-block}<\/style>\t\t\t\t<p>S\u00e3o op\u00e7\u00f5es variadas das marcas Flexform, Rivera e Securit para todos os tipos de ambientes e espa\u00e7os. Voc\u00ea ainda tem a possibilidade de personalizar produtos sem taxa extra no servi\u00e7o.<\/p>\t\t\t\t\t\t<\/div>\n\t\t\t\t<\/div>\n\t\t\t\t\t<\/div>\n\t\t<\/div>\n\t\t\t\t\t\t\t<\/div>\n\t\t<\/section>\n\t\t\t\t<section class=\"elementor-section elementor-top-section elementor-element elementor-element-2ad773c5 elementor-section-boxed elementor-section-height-default elementor-section-height-default\" data-id=\"2ad773c5\" data-element_type=\"section\">\n\t\t\t\t\t\t<div class=\"elementor-container elementor-column-gap-default\">\n\t\t\t\t\t<div class=\"elementor-column elementor-col-100 elementor-top-column elementor-element elementor-element-15faaeba\" data-id=\"15faaeba\" data-element_type=\"column\">\n\t\t\t<div class=\"elementor-widget-wrap elementor-element-populated\">\n\t\t\t\t\t\t\t\t\t<\/div>\n\t\t<\/div>\n\t\t\t\t\t\t\t<\/div>\n\t\t<\/section>\n\t\t\t\t\t\t\t<\/div>\n\t\t","protected":false},"excerpt":{"rendered":"<p>Cases Somos especializados no segmento de mobili\u00e1rio corporativo e com nossa experi\u00eancia e ampla variedade de produtos oferecemos solu\u00e7\u00f5es criativas para diversos tipos de ambientes. Clique nas imagens para conhecer alguns projetos que j\u00e1 realizamos. Conhe\u00e7a o nosso portf\u00f3lio. S\u00e3o op\u00e7\u00f5es variadas das marcas Flexform, Rivera e Securit para todos os tipos de ambientes e [&hellip;]<\/p>\n","protected":false},"author":1,"featured_media":1838,"parent":0,"menu_order":0,"comment_status":"closed","ping_status":"closed","template":"elementor_header_footer","meta":[],"_links":{"self":[{"href":"http:\/\/mobile.siteempresarial.com\/index.php?rest_route=\/wp\/v2\/pages\/1966"}],"collection":[{"href":"http:\/\/mobile.siteempresarial.com\/index.php?rest_route=\/wp\/v2\/pages"}],"about":[{"href":"http:\/\/mobile.siteempresarial.com\/index.php?rest_route=\/wp\/v2\/types\/page"}],"author":[{"embeddable":true,"href":"http:\/\/mobile.siteempresarial.com\/index.php?rest_route=\/wp\/v2\/users\/1"}],"replies":[{"embeddable":true,"href":"http:\/\/mobile.siteempresarial.com\/index.php?rest_route=%2Fwp%2Fv2%2Fcomments&post=1966"}],"version-history":[{"count":7,"href":"http:\/\/mobile.siteempresarial.com\/index.php?rest_route=\/wp\/v2\/pages\/1966\/revisions"}],"predecessor-version":[{"id":1974,"href":"http:\/\/mobile.siteempresarial.com\/index.php?rest_route=\/wp\/v2\/pages\/1966\/revisions\/1974"}],"wp:featuredmedia":[{"embeddable":true,"href":"http:\/\/mobile.siteempresarial.com\/index.php?rest_route=\/wp\/v2\/media\/1838"}],"wp:attachment":[{"href":"http:\/\/mobile.siteempresarial.com\/index.php?rest_route=%2Fwp%2Fv2%2Fmedia&parent=1966"}],"curies":[{"name":"wp","href":"https:\/\/api.w.org\/{rel}","templated":true}]}}